{"id":17,"date":"2024-12-04T17:38:17","date_gmt":"2024-12-04T17:38:17","guid":{"rendered":"https:\/\/kohesion-konsulting.ch\/wordpress_O\/?page_id=17"},"modified":"2024-12-08T17:48:57","modified_gmt":"2024-12-08T17:48:57","slug":"le-label","status":"publish","type":"page","link":"https:\/\/kohesion-konsulting.ch\/wordpress_O\/le-label\/","title":{"rendered":"Le label"},"content":{"rendered":"\n<div class=\"wp-block-cover alignfull is-light\" style=\"min-height:350px;aspect-ratio:unset;\"><span aria-hidden=\"true\" class=\"wp-block-cover__background has-background-dim-10 has-background-dim\" style=\"background-color:#1f1f1f\"><\/span><img loading=\"lazy\" decoding=\"async\" width=\"1520\" height=\"855\" class=\"wp-block-cover__image-background wp-image-112\" alt=\"\" src=\"https:\/\/kohesion-konsulting.ch\/wordpress_O\/wp-content\/uploads\/2024\/12\/1-487.jpg\" style=\"object-position:54% 45%\" data-object-fit=\"cover\" data-object-position=\"54% 45%\" srcset=\"https:\/\/kohesion-konsulting.ch\/wordpress_O\/wp-content\/uploads\/2024\/12\/1-487.jpg 1520w, https:\/\/kohesion-konsulting.ch\/wordpress_O\/wp-content\/uploads\/2024\/12\/1-487-300x169.jpg 300w, https:\/\/kohesion-konsulting.ch\/wordpress_O\/wp-content\/uploads\/2024\/12\/1-487-1024x576.jpg 1024w, https:\/\/kohesion-konsulting.ch\/wordpress_O\/wp-content\/uploads\/2024\/12\/1-487-768x432.jpg 768w\" sizes=\"auto, (max-width: 1520px) 100vw, 1520px\" \/><div class=\"wp-block-cover__inner-container has-global-padding is-layout-constrained wp-container-core-cover-is-layout-4383d167 wp-block-cover-is-layout-constrained\">\n<div style=\"height:100px\" aria-hidden=\"true\" class=\"wp-block-spacer\"><\/div>\n\n\n\n<p class=\"has-text-align-center has-text-color has-link-color has-inter-font-family wp-elements-b284e4d44664cb272f31a79e86d99250\" style=\"color:#0c0c0c;font-size:clamp(30.693px, 1.918rem + ((1vw - 3.2px) * 2.649), 54px);font-style:normal;font-weight:400\">Le label :<\/p>\n<\/div><\/div>\n\n\n\n<div class=\"wp-block-group alignwide has-global-padding is-layout-constrained wp-container-core-group-is-layout-5ff8a92b wp-block-group-is-layout-constrained\" style=\"margin-top:0;margin-bottom:0;padding-top:100px;padding-bottom:100px\">\n<div class=\"wp-block-columns alignwide is-layout-flex wp-container-core-columns-is-layout-9cf8123d wp-block-columns-is-layout-flex\">\n<div class=\"wp-block-column is-vertically-aligned-center is-layout-flow wp-block-column-is-layout-flow\">\n<figure class=\"wp-block-image size-full\"><img loading=\"lazy\" decoding=\"async\" width=\"1000\" height=\"1000\" src=\"https:\/\/kohesion-konsulting.ch\/wordpress_O\/wp-content\/uploads\/2024\/12\/Label-qualite-png.png\" alt=\"\" class=\"wp-image-63\" style=\"aspect-ratio:4\/3;object-fit:cover\" srcset=\"https:\/\/kohesion-konsulting.ch\/wordpress_O\/wp-content\/uploads\/2024\/12\/Label-qualite-png.png 1000w, https:\/\/kohesion-konsulting.ch\/wordpress_O\/wp-content\/uploads\/2024\/12\/Label-qualite-png-300x300.png 300w, https:\/\/kohesion-konsulting.ch\/wordpress_O\/wp-content\/uploads\/2024\/12\/Label-qualite-png-150x150.png 150w, https:\/\/kohesion-konsulting.ch\/wordpress_O\/wp-content\/uploads\/2024\/12\/Label-qualite-png-768x768.png 768w\" sizes=\"auto, (max-width: 1000px) 100vw, 1000px\" \/><\/figure>\n<\/div>\n\n\n\n<div class=\"wp-block-column is-vertically-aligned-center is-layout-flow wp-container-core-column-is-layout-c50a13ef wp-block-column-is-layout-flow\" style=\"padding-left:15px\">\n<p><\/p>\n\n\n\n<p class=\"has-text-align-center has-text-color has-link-color has-lexend-font-family wp-elements-12f4a4f1fb3912d933bf7cece2519b33\" style=\"color:#3a3a3a;font-size:clamp(16.293px, 1.018rem + ((1vw - 3.2px) * 0.989), 25px);font-style:normal;font-weight:400\"><strong>Un label de qualit\u00e9 repr\u00e9sentant un management \u00e9thique et respectueux devient un levier essentiel pour l\u2019attractivit\u00e9, la performance et la p\u00e9rennit\u00e9 de l\u2019entreprise. Il s\u2019agit d\u2019un v\u00e9ritable engagement envers un mod\u00e8le de gestion plus humain, dans lequel les collaborateurs se sentent valoris\u00e9s et respect\u00e9s, ce qui favorise un climat de travail positif et productif<\/strong>.<\/p>\n<\/div>\n<\/div>\n<\/div>\n\n\n\n<div class=\"wp-block-group alignfull has-background has-medium-font-size has-global-padding is-layout-constrained wp-container-core-group-is-layout-0117c4cf wp-block-group-is-layout-constrained\" style=\"background-color:#e9e4dc;padding-top:80px;padding-bottom:80px\">\n<h2 class=\"wp-block-heading has-text-align-center has-text-color has-link-color has-inter-font-family wp-elements-efba1f187ddc3f80cb6af96e5d8d726a\" style=\"color:#3a3a3a;font-size:clamp(18.959px, 1.185rem + ((1vw - 3.2px) * 1.255), 30px);font-style:normal;font-weight:500;line-height:1.2\">Pourquoi ?<\/h2>\n\n\n\n<hr class=\"wp-block-separator has-text-color has-alpha-channel-opacity has-background\" style=\"background-color:#3a3a3a;color:#3a3a3a\"\/>\n\n\n\n<p class=\"has-text-align-left has-text-color has-link-color has-lexend-font-family has-medium-font-size wp-elements-801162e348e099544e745eb78c1113bc\" style=\"color:#3a3a3a\">L\u2019obtention d\u2019un label de qualit\u00e9 attestant d\u2019un management \u00e9thique et respectueux est d\u2019une importance cruciale pour les entreprises d\u2019aujourd\u2019hui. Dans le contexte actuel, les attentes des collaborateurs et des clients \u00e9voluent vers une plus grande prise en compte du bien-\u00eatre, ce type de label devient un v\u00e9ritable atout strat\u00e9gique.<\/p>\n\n\n\n<p><strong>Valoriser le bien-\u00eatre des collaborateurs&nbsp;:<\/strong><\/p>\n\n\n\n<p>Un label de qualit\u00e9 qui met en avant un management ax\u00e9 sur la qualit\u00e9 de vie au travail (QVT) et le respect des collaborateurs est la preuve tangible de l\u2019engagement de l\u2019entreprise en faveur de ses employ\u00e9s. Ce type de management favorise un environnement de travail sain, o\u00f9 la pr\u00e9vention des risques psychosociaux, l\u2019\u00e9quilibre entre vie professionnelle et vie priv\u00e9e, ainsi que la reconnaissance des efforts individuels sont au c\u0153ur des pr\u00e9occupations. En reconnaissant l\u2019importance de ces \u00e9l\u00e9ments, une entreprise attire et fid\u00e9lise des talents, r\u00e9duit l\u2019absent\u00e9isme et am\u00e9liore la motivation de ses \u00e9quipes.<\/p>\n\n\n\n<p><strong>Renforcer l\u2019image de l\u2019entreprise&nbsp;:<\/strong><\/p>\n\n\n\n<p>Un label \u00e9thique refl\u00e8te \u00e9galement des valeurs de responsabilit\u00e9 et de respect, non seulement envers les collaborateurs mais aussi envers l\u2019ensemble des parties prenantes : clients, fournisseurs, partenaires. Cela renforce la cr\u00e9dibilit\u00e9 de l\u2019entreprise sur le march\u00e9 et lui conf\u00e8re un avantage concurrentiel. Les clients et les partenaires sont de plus en plus sensibles aux pratiques \u00e9thiques des entreprises avec lesquelles ils collaborent, et l\u2019obtention d\u2019un tel label t\u00e9moigne d\u2019un engagement concret en ce sens.<\/p>\n\n\n\n<p><strong>Am\u00e9liorer la performance globale&nbsp;:<\/strong><\/p>\n\n\n\n<p class=\"has-text-align-left has-text-color has-link-color has-lexend-font-family has-medium-font-size wp-elements-a730c95bfcfc56d884d2350f7455ad83\" style=\"color:#3a3a3a\">Des \u00e9tudes montrent que les entreprises qui placent la QVT au c\u0153ur de leur strat\u00e9gie manag\u00e9riale enregistrent des meilleurs r\u00e9sultats en termes de productivit\u00e9. Un collaborateur \u00e9panoui est non seulement plus motiv\u00e9, mais aussi plus cr\u00e9atif et engag\u00e9 dans la r\u00e9alisation des objectifs de l\u2019entreprise. En se dotant d\u2019un label de qualit\u00e9, l\u2019entreprise ne se contente pas de soigner son image, elle optimise \u00e9galement sa performance \u00e0 long terme.<\/p>\n<\/div>\n\n\n\n<div class=\"wp-block-group alignfull has-global-padding is-layout-constrained wp-block-group-is-layout-constrained\" style=\"margin-top:0;margin-bottom:0;padding-top:7.01rem;padding-bottom:7.01rem\">\n<div class=\"wp-block-group has-global-padding is-layout-constrained wp-block-group-is-layout-constrained\">\n<h3 class=\"wp-block-heading has-text-align-center has-text-color has-link-color wp-elements-95873acfc42702797b4430b1fcc3995b\" style=\"color:#3a3a3a;font-size:clamp(1.383rem, 1.383rem + ((1vw - 0.2rem) * 1.595), 2.26rem);font-style:normal;font-weight:400\">Sur quoi ?<\/h3>\n<\/div>\n\n\n\n<div class=\"wp-block-columns alignwide has-medium-font-size is-layout-flex wp-container-core-columns-is-layout-e121da15 wp-block-columns-is-layout-flex\" style=\"padding-right:2.01rem;padding-left:2.01rem\">\n<div class=\"wp-block-column is-layout-flow wp-block-column-is-layout-flow\">\n<p>Le label Management Ethique a \u00e9t\u00e9 cr\u00e9\u00e9 pour mettre l\u2019accent sur l\u2019importance de cr\u00e9er un environnement de travail o\u00f9 les employ\u00e9s sont valoris\u00e9s et \u00e9panouis. Les entreprises qui obtiennent ce label respectent les principes suivants :<br><br><strong>Droits des employ\u00e9s<\/strong>&nbsp;:<\/p>\n\n\n\n<p>Engagement \u00e0 respecter les droits fondamentaux des employ\u00e9s, l\u2019\u00e9quit\u00e9, la non-discrimination et la s\u00e9curit\u00e9.<br><br><strong>Bien-\u00eatre des employ\u00e9s<\/strong>&nbsp;:<\/p>\n\n\n\n<p>Promotion d\u2019un environnement de travail sain, incluant des initiatives pour le bien-\u00eatre physique et mental des employ\u00e9s.<br><br><strong>Qualit\u00e9 de vie au travail<\/strong>&nbsp;:<\/p>\n\n\n\n<p>Acc\u00e8s \u00e0 des conditions de travail favorables, \u00e9quilibr\u00e9es et \u00e0 des opportunit\u00e9s de d\u00e9veloppement personnel et professionnel.<br><br><strong>Valeurs d\u2019entreprise<\/strong>&nbsp;:<\/p>\n\n\n\n<p class=\"has-medium-font-size\">Adh\u00e9sion \u00e0 des valeurs fortes telles que l\u2019int\u00e9grit\u00e9, la transparence et l\u2019empathie, qui sont int\u00e9gr\u00e9es dans la culture d\u2019entreprise et la gestion des ressources humaines.<\/p>\n\n\n\n<p><\/p>\n<\/div>\n<\/div>\n\n\n\n<p><\/p>\n\n\n\n<div class=\"wp-block-group alignfull has-background has-medium-font-size has-global-padding is-layout-constrained wp-container-core-group-is-layout-0117c4cf wp-block-group-is-layout-constrained\" style=\"background-color:#e9e4dc;padding-top:80px;padding-bottom:80px\">\n<h2 class=\"wp-block-heading has-text-align-center has-text-color has-link-color has-inter-font-family wp-elements-170f0e9f79f714462b947d98599fdf00\" style=\"color:#3a3a3a;font-size:clamp(18.959px, 1.185rem + ((1vw - 3.2px) * 1.255), 30px);font-style:normal;font-weight:500;line-height:1.2\"><\/h2>\n\n\n\n<div class=\"wp-block-group has-global-padding is-layout-constrained wp-block-group-is-layout-constrained\">\n<h3 class=\"wp-block-heading has-text-align-center has-text-color has-link-color wp-elements-471df7e65121977855f95f9fd285ca10\" style=\"color:#3a3a3a;font-size:clamp(1.383rem, 1.383rem + ((1vw - 0.2rem) * 1.595), 2.26rem);font-style:normal;font-weight:400\">Comment ?<\/h3>\n<\/div>\n\n\n\n<div class=\"wp-block-columns alignwide is-layout-flex wp-container-core-columns-is-layout-e121da15 wp-block-columns-is-layout-flex\" style=\"padding-right:2.01rem;padding-left:2.01rem\">\n<div class=\"wp-block-column is-layout-flow wp-block-column-is-layout-flow\">\n<p>Pour obtenir un label de qualit\u00e9 valorisant un management \u00e9thique, les entreprises doivent suivre un processus structur\u00e9 garantissant leur engagement dans cette d\u00e9marche. Voici les principales \u00e9tapes \u00e0 franchir :<br><br><strong>\u00c9tude du cahier des charges<\/strong>&nbsp;:<\/p>\n\n\n\n<p>La premi\u00e8re \u00e9tape consiste \u00e0 examiner attentivement le cahier des charges du label. Ce document d\u00e9finit les crit\u00e8res et les engagements \u00e0 respecter pour \u00eatre \u00e9ligible.<\/p>\n\n\n\n<p>L\u2019entreprise devra \u00e9valuer sa situation actuelle et identifier les \u00e9ventuelles actions n\u00e9cessaires pour r\u00e9pondre aux exigences du label.<br><br><strong>R\u00e9alisation d\u2019un audit initial<\/strong>&nbsp;:<\/p>\n\n\n\n<p class=\"has-medium-font-size\">Un audit est ensuite r\u00e9alis\u00e9 pour v\u00e9rifier si l\u2019entreprise respecte les crit\u00e8res d\u00e9finis par le label.<\/p>\n\n\n\n<p>Cet audit permet d\u2019identifier les points forts de l\u2019entreprise ainsi que les axes d\u2019am\u00e9lioration n\u00e9cessaires pour obtenir la certification.<br><br><strong>Mise en conformit\u00e9 et obtention du label<\/strong>&nbsp;:<\/p>\n\n\n\n<p>Apr\u00e8s l\u2019audit, l\u2019entreprise met en \u0153uvre les ajustements recommand\u00e9s, si n\u00e9cessaire, pour se conformer pleinement aux exigences. Une fois les crit\u00e8res respect\u00e9s, le label est attribu\u00e9, reconnaissant l\u2019engagement de l\u2019entreprise en faveur d\u2019un management \u00e9thique et respectueux.<br><br><strong>Contr\u00f4le annuel pour assurer le respect de la charte<\/strong>&nbsp;:<\/p>\n\n\n\n<p>L\u2019obtention du label n\u2019est pas une \u00e9tape unique, mais un engagement \u00e0 long terme. Chaque ann\u00e9e, un contr\u00f4le est effectu\u00e9 pour v\u00e9rifier que l\u2019entreprise continue \u00e0 respecter les engagements inscrits dans la charte.<\/p>\n\n\n\n<p class=\"has-medium-font-size\">Ces contr\u00f4les r\u00e9guliers garantissent la cr\u00e9dibilit\u00e9 et la p\u00e9rennit\u00e9 du label, tout en aidant l\u2019entreprise \u00e0 s\u2019inscrire dans une d\u00e9marche d\u2019am\u00e9lioration continue.<\/p>\n\n\n\n<p class=\"has-text-align-left has-medium-font-size\"><strong>En suivant ce processus, l\u2019entreprise d\u00e9montre non seulement son engagement \u00e0 respecter des standards de qualit\u00e9 manag\u00e9riale, mais aussi sa volont\u00e9 de faire du bien-\u00eatre de ses collaborateurs un pilier central de son succ\u00e8s.<\/strong><\/p>\n<\/div>\n<\/div>\n\n\n\n<p class=\"has-medium-font-size\"><\/p>\n<\/div>\n\n\n\n<div class=\"wp-block-cover alignfull\" style=\"margin-top:0px;margin-bottom:0px;padding-top:7.01rem;padding-bottom:7.01rem;aspect-ratio:unset;\"><span aria-hidden=\"true\" class=\"wp-block-cover__background has-contrast-background-color has-background-dim-0 has-background-dim\"><\/span><img decoding=\"async\" class=\"wp-block-cover__image-background wp-image-174\" alt=\"\" src=\"https:\/\/tyler.com\/wp-content\/themes\/variations-child\/assets\/images\/consulting\/consulting-testimonial-banner.jpg\" style=\"object-position:50% 51%\" data-object-fit=\"cover\" data-object-position=\"50% 51%\"\/><div class=\"wp-block-cover__inner-container has-global-padding is-layout-constrained wp-container-core-cover-is-layout-8014b4f1 wp-block-cover-is-layout-constrained\">\n<div class=\"wp-block-columns is-layout-flex wp-container-core-columns-is-layout-28f84493 wp-block-columns-is-layout-flex\">\n<div class=\"wp-block-column is-layout-flow wp-block-column-is-layout-flow\" style=\"flex-basis:100%\">\n<div class=\"wp-block-group has-global-padding is-content-justification-left is-layout-constrained wp-container-core-group-is-layout-74cbbf86 wp-block-group-is-layout-constrained\">\n<h4 class=\"wp-block-heading has-text-align-center has-text-color has-inter-font-family\" style=\"color:#ffffff;font-size:clamp(1.039rem, 1.039rem + ((1vw - 0.2rem) * 1.02), 1.6rem);\">Les entreprises certifi\u00e9es avec le label<strong>&nbsp;<\/strong>de Kohesion Konsulting&nbsp;peuvent l&rsquo;afficher fi\u00e8rement pour montrer leur engagement envers le bien-\u00eatre et la qualit\u00e9 de vie de leurs employ\u00e9s. Ce label est un signe de confiance pour les profils \u00e0 la recherche d\u2019entreprises \u00e9thiques et respectueuses.<\/h4>\n\n\n\n<p class=\"has-text-align-center\"><\/p>\n<\/div>\n<\/div>\n<\/div>\n<\/div><\/div>\n<\/div>\n\n\n\n<p><\/p>\n","protected":false},"excerpt":{"rendered":"<p>Un label de qualit\u00e9 repr\u00e9sentant un management \u00e9thique et respectueux devient un levier essentiel pour l\u2019attractivit\u00e9, la performance et la p\u00e9rennit\u00e9 de l\u2019entreprise. Il s\u2019agit d\u2019un v\u00e9ritable engagement envers un mod\u00e8le de gestion plus humain, dans lequel les collaborateurs se sentent valoris\u00e9s et respect\u00e9s, ce qui favorise un climat de travail positif et productif. Pourquoi [&hellip;]<\/p>\n","protected":false},"author":1,"featured_media":0,"parent":0,"menu_order":0,"comment_status":"closed","ping_status":"closed","template":"","meta":{"footnotes":""},"class_list":["post-17","page","type-page","status-publish","hentry"],"_links":{"self":[{"href":"https:\/\/kohesion-konsulting.ch\/wordpress_O\/wp-json\/wp\/v2\/pages\/17","targetHints":{"allow":["GET"]}}],"collection":[{"href":"https:\/\/kohesion-konsulting.ch\/wordpress_O\/wp-json\/wp\/v2\/pages"}],"about":[{"href":"https:\/\/kohesion-konsulting.ch\/wordpress_O\/wp-json\/wp\/v2\/types\/page"}],"author":[{"embeddable":true,"href":"https:\/\/kohesion-konsulting.ch\/wordpress_O\/wp-json\/wp\/v2\/users\/1"}],"replies":[{"embeddable":true,"href":"https:\/\/kohesion-konsulting.ch\/wordpress_O\/wp-json\/wp\/v2\/comments?post=17"}],"version-history":[{"count":14,"href":"https:\/\/kohesion-konsulting.ch\/wordpress_O\/wp-json\/wp\/v2\/pages\/17\/revisions"}],"predecessor-version":[{"id":114,"href":"https:\/\/kohesion-konsulting.ch\/wordpress_O\/wp-json\/wp\/v2\/pages\/17\/revisions\/114"}],"wp:attachment":[{"href":"https:\/\/kohesion-konsulting.ch\/wordpress_O\/wp-json\/wp\/v2\/media?parent=17"}],"curies":[{"name":"wp","href":"https:\/\/api.w.org\/{rel}","templated":true}]}}