{"id":15,"date":"2024-12-04T17:37:59","date_gmt":"2024-12-04T17:37:59","guid":{"rendered":"https:\/\/kohesion-konsulting.ch\/wordpress_O\/?page_id=15"},"modified":"2024-12-08T17:36:03","modified_gmt":"2024-12-08T17:36:03","slug":"services","status":"publish","type":"page","link":"https:\/\/kohesion-konsulting.ch\/wordpress_O\/services\/","title":{"rendered":"Services"},"content":{"rendered":"\n<div class=\"wp-block-cover alignfull\" style=\"min-height:350px;aspect-ratio:unset;\"><span aria-hidden=\"true\" class=\"wp-block-cover__background has-background-dim-20 has-background-dim\" style=\"background-color:#1f1f1f\"><\/span><img loading=\"lazy\" decoding=\"async\" width=\"1920\" height=\"1280\" class=\"wp-block-cover__image-background wp-image-103\" alt=\"\" src=\"https:\/\/kohesion-konsulting.ch\/wordpress_O\/wp-content\/uploads\/2024\/12\/the-climate-reality-project-Hb6uWq0i4MI-unsplash.jpg\" style=\"object-position:49% 56%\" data-object-fit=\"cover\" data-object-position=\"49% 56%\" srcset=\"https:\/\/kohesion-konsulting.ch\/wordpress_O\/wp-content\/uploads\/2024\/12\/the-climate-reality-project-Hb6uWq0i4MI-unsplash.jpg 1920w, https:\/\/kohesion-konsulting.ch\/wordpress_O\/wp-content\/uploads\/2024\/12\/the-climate-reality-project-Hb6uWq0i4MI-unsplash-300x200.jpg 300w, https:\/\/kohesion-konsulting.ch\/wordpress_O\/wp-content\/uploads\/2024\/12\/the-climate-reality-project-Hb6uWq0i4MI-unsplash-1024x683.jpg 1024w, https:\/\/kohesion-konsulting.ch\/wordpress_O\/wp-content\/uploads\/2024\/12\/the-climate-reality-project-Hb6uWq0i4MI-unsplash-768x512.jpg 768w, https:\/\/kohesion-konsulting.ch\/wordpress_O\/wp-content\/uploads\/2024\/12\/the-climate-reality-project-Hb6uWq0i4MI-unsplash-1536x1024.jpg 1536w\" sizes=\"auto, (max-width: 1920px) 100vw, 1920px\" \/><div class=\"wp-block-cover__inner-container has-global-padding is-layout-constrained wp-container-core-cover-is-layout-4383d167 wp-block-cover-is-layout-constrained\">\n<div style=\"height:100px\" aria-hidden=\"true\" class=\"wp-block-spacer\"><\/div>\n\n\n\n<p class=\"has-text-align-center has-text-color has-link-color has-inter-font-family wp-elements-55deb9c0188579dcd0b78ccebf814eb2\" style=\"color:#ffffff;font-size:clamp(30.693px, 1.918rem + ((1vw - 3.2px) * 2.649), 54px);font-style:normal;font-weight:400\">Services<\/p>\n<\/div><\/div>\n\n\n\n<div class=\"wp-block-cover alignfull is-light\" style=\"margin-top:0;margin-bottom:0;padding-top:100px;padding-bottom:100px\"><span aria-hidden=\"true\" class=\"wp-block-cover__background has-background-dim-0 has-background-dim\" style=\"background-color:#696778\"><\/span><div class=\"wp-block-cover__inner-container has-global-padding is-layout-constrained wp-container-core-cover-is-layout-dc08f85c wp-block-cover-is-layout-constrained\">\n<p class=\"has-text-align-center has-text-color has-link-color has-jost-font-family wp-elements-bbbaeb1c89cf86cdfabbbf4be1be3185\" style=\"color:#3a3a3a;font-size:clamp(16.293px, 1.018rem + ((1vw - 3.2px) * 0.989), 25px);letter-spacing:1px;text-transform:uppercase\"><\/p>\n\n\n\n<p>Nous nous engageons \u00e0 fournir une analyse approfondie et des solutions \u00e0 tous les collaborateurs et employeurs pour am\u00e9liorer la coh\u00e9sion de groupe et les relations \u00e0 tous les niveaux de la hi\u00e9rarchie. Notre approche vise \u00e0 am\u00e9liorer les relations et l&rsquo;organisation au sein de l&rsquo;entreprise en tenant compte de la consid\u00e9ration de chaque collaborateur. Cela se traduit par des observations, des s\u00e9ances, des entretiens individuels, des exercices et des discussions impliquant l&rsquo;ensemble des parties prenantes et cela nous permet de vous accompagner dans les changements en tenant compte de leur impact r\u00e9el et de leur faisabilit\u00e9.<\/p>\n\n\n\n<p><\/p>\n\n\n\n<p class=\"has-text-align-center has-text-color has-link-color has-belleza-font-family wp-elements-c5e2e36b9c276a8c47e75d5b9fd20d07\" style=\"color:#3a3a3a;font-size:clamp(20px, 1.25rem + ((1vw - 3.2px) * 1.364), 32px);\">Nos services sur mesures :<\/p>\n\n\n\n<p><\/p>\n\n\n\n<p class=\"has-text-align-center\">Enqu\u00eates de satisfaction, Ateliers, Sessions de groupe, Rapports complet, Accompagnement, Coaching, Etc&#8230;<\/p>\n\n\n\n<hr class=\"wp-block-separator has-text-color has-alpha-channel-opacity has-background\" style=\"margin-top:15px;margin-bottom:15px;background-color:#ffffff;color:#ffffff\"\/>\n\n\n\n<div class=\"wp-block-columns is-layout-flex wp-container-core-columns-is-layout-f350720d wp-block-columns-is-layout-flex\" style=\"padding-top:20px\">\n<div class=\"wp-block-column has-background is-layout-flow wp-container-core-column-is-layout-af27bfb9 wp-block-column-is-layout-flow\" style=\"background-color:#e9e4dc;padding-top:30px;padding-right:20px;padding-bottom:30px;padding-left:20px\">\n<h6 class=\"wp-block-heading has-text-color has-link-color has-inter-font-family wp-elements-8a3739a8e0ceb3b301e1106d75c3c513\" style=\"color:#3a3a3a;padding-top:20px;font-size:clamp(14px, 0.875rem + ((1vw - 3.2px) * 0.682), 20px);font-style:normal;font-weight:500;text-transform:uppercase\">\u00c9valuation de Satisfaction<\/h6>\n\n\n\n<p class=\"has-text-color has-link-color has-lexend-font-family wp-elements-244ca2971e910d48bfb6454665bbdca2\" style=\"color:#3a3a3a;font-size:clamp(14px, 0.875rem + ((1vw - 3.2px) * 0.227), 16px);\">Nous \u00e9valuons la satisfaction de vos employ\u00e9s \u00e0 travers des entretiens approfondis. Cela vous aide \u00e0 comprendre leurs besoins et \u00e0 identifier des axes d&rsquo;am\u00e9liorations pour une coh\u00e9sion renforc\u00e9e.<\/p>\n<\/div>\n\n\n\n<div class=\"wp-block-column has-background is-layout-flow wp-container-core-column-is-layout-af27bfb9 wp-block-column-is-layout-flow\" style=\"background-color:#e9e4dc;padding-top:30px;padding-right:20px;padding-bottom:30px;padding-left:20px\">\n<h6 class=\"wp-block-heading has-text-color has-link-color has-inter-font-family wp-elements-b553b823ca2396ff866be6154aef47d5\" style=\"color:#3a3a3a;padding-top:20px;font-size:clamp(14px, 0.875rem + ((1vw - 3.2px) * 0.682), 20px);font-style:normal;font-weight:500;text-transform:uppercase\">Am\u00e9lioration Continue<\/h6>\n\n\n\n<p class=\"has-text-color has-link-color has-lexend-font-family wp-elements-913bb3dba4aeb95ff6513ed48a25122d\" style=\"color:#3a3a3a;font-size:clamp(14px, 0.875rem + ((1vw - 3.2px) * 0.227), 16px);\">Nous proposons des solutions adapt\u00e9es pour am\u00e9liorer les relations au sein de votre \u00e9quipe. Gr\u00e2ce \u00e0 des ateliers et des s\u00e9ances, nous favorisons un environnement de travail harmonieux et productif. Ces actions permettent aux entreprises et aux RH d&rsquo;avoir un outil suppl\u00e9mentaires pour le suivi du niveau de satisfaction des collaborateurs.<\/p>\n<\/div>\n\n\n\n<div class=\"wp-block-column has-background is-layout-flow wp-container-core-column-is-layout-af27bfb9 wp-block-column-is-layout-flow\" style=\"background-color:#e9e4dc;padding-top:30px;padding-right:20px;padding-bottom:30px;padding-left:20px\">\n<h6 class=\"wp-block-heading has-text-color has-link-color has-inter-font-family wp-elements-08a8f1babeca29ad82075a4697d22571\" style=\"color:#3a3a3a;padding-top:20px;font-size:clamp(14px, 0.875rem + ((1vw - 3.2px) * 0.682), 20px);font-style:normal;font-weight:500;text-transform:uppercase\">Ateliers Collaboratifs<\/h6>\n\n\n\n<p class=\"has-text-color has-link-color has-lexend-font-family wp-elements-8d4084782796f296ebe83a80db6d4089\" style=\"color:#3a3a3a;font-size:clamp(14px, 0.875rem + ((1vw - 3.2px) * 0.227), 16px);\">Nos ateliers collaboratifs encouragent la cr\u00e9ativit\u00e9 et l\u02bcengagement de tous les employ\u00e9s. Ensemble, nous g\u00e9n\u00e9rons des id\u00e9es novatrices pour renforcer la coh\u00e9sion et atteindre vos objectifs.<\/p>\n<\/div>\n<\/div>\n\n\n\n<p><\/p>\n\n\n\n<div class=\"wp-block-columns is-layout-flex wp-container-core-columns-is-layout-f350720d wp-block-columns-is-layout-flex\" style=\"padding-top:20px\">\n<div class=\"wp-block-column has-background is-layout-flow wp-container-core-column-is-layout-af27bfb9 wp-block-column-is-layout-flow\" style=\"background-color:#e9e4dc;padding-top:30px;padding-right:20px;padding-bottom:30px;padding-left:20px\">\n<h6 class=\"wp-block-heading has-text-color has-link-color has-inter-font-family wp-elements-1040b2fa62ffa5ddce9c7441da625d1e\" style=\"color:#3a3a3a;padding-top:20px;font-size:clamp(14px, 0.875rem + ((1vw - 3.2px) * 0.682), 20px);font-style:normal;font-weight:500;text-transform:uppercase\">Labellisation<\/h6>\n\n\n\n<p class=\"has-text-color has-link-color has-lexend-font-family wp-elements-e00caecf979b2642e684b275a1a6f48d\" style=\"color:#3a3a3a;font-size:clamp(14px, 0.875rem + ((1vw - 3.2px) * 0.227), 16px);\">Nous avons mis en place un label pour les entreprises souhaitant mettre en avant leur management \u00e9thique et respectueux afin de renforcer leur image de marque. Le label est un produit, 100% ind\u00e9pendant du consulting, accompagn\u00e9 de sa propre charte et libre d&rsquo;acc\u00e8s \u00e0 toutes les entreprises le d\u00e9sirant. <a href=\"https:\/\/kohesion-konsulting.ch\/wordpress_O\/le-label\/\" data-type=\"page\" data-id=\"17\">(Voir page label)<\/a><\/p>\n<\/div>\n\n\n\n<div class=\"wp-block-column has-background is-layout-flow wp-container-core-column-is-layout-af27bfb9 wp-block-column-is-layout-flow\" style=\"background-color:#e9e4dc;padding-top:30px;padding-right:20px;padding-bottom:30px;padding-left:20px\">\n<h6 class=\"wp-block-heading has-text-color has-link-color has-inter-font-family wp-elements-80dafb9a8ee5480f9fd239dabf04231a\" style=\"color:#3a3a3a;padding-top:20px;font-size:clamp(14px, 0.875rem + ((1vw - 3.2px) * 0.682), 20px);font-style:normal;font-weight:500;text-transform:uppercase\">Strat\u00e9gies de Communication<\/h6>\n\n\n\n<p class=\"has-text-color has-link-color has-lexend-font-family wp-elements-b384572701ec7277304efe4cbe3b1115\" style=\"color:#3a3a3a;font-size:clamp(14px, 0.875rem + ((1vw - 3.2px) * 0.227), 16px);\">Les strat\u00e9gies de communication sur mesure permette de renforcer les liens entre vos employ\u00e9s \u00e0 tous les niveaux de la hi\u00e9rarchie. Une communication claire favorise un climat de confiance et booste la productivit\u00e9.<\/p>\n<\/div>\n\n\n\n<div class=\"wp-block-column has-background is-layout-flow wp-container-core-column-is-layout-af27bfb9 wp-block-column-is-layout-flow\" style=\"background-color:#e9e4dc;padding-top:30px;padding-right:20px;padding-bottom:30px;padding-left:20px\">\n<h6 class=\"wp-block-heading has-text-color has-link-color has-inter-font-family wp-elements-a63214da43465be1a34e6c4a6df1b379\" style=\"color:#3a3a3a;padding-top:20px;font-size:clamp(14px, 0.875rem + ((1vw - 3.2px) * 0.682), 20px);font-style:normal;font-weight:500;text-transform:uppercase\">Plan d\u02bcAction<\/h6>\n\n\n\n<p class=\"has-text-color has-link-color has-lexend-font-family wp-elements-0c16bfd8552c667dd64d501dcc6a5ca6\" style=\"color:#3a3a3a;font-size:clamp(14px, 0.875rem + ((1vw - 3.2px) * 0.227), 16px);\">Nous \u00e9tablissons un plan d&rsquo;action personnalis\u00e9 en collaboration avec vous. Ensemble, nous d\u00e9finissons les besoins et des \u00e9tapes concr\u00e8tes pour atteindre vos ambitions et r\u00e9pondre \u00e0 vos souhaits de chef d&rsquo;entreprise.<\/p>\n<\/div>\n<\/div>\n<\/div><\/div>\n\n\n\n<div class=\"wp-block-columns alignwide has-text-color has-inter-font-family is-layout-flex wp-container-core-columns-is-layout-6679d184 wp-block-columns-is-layout-flex\" style=\"color:#141414;margin-top:0px;margin-bottom:0px;padding-top:4rem;padding-right:0px;padding-bottom:6rem;padding-left:0px\">\n<div class=\"wp-block-column is-vertically-aligned-center is-layout-flow wp-container-core-column-is-layout-a306f76e wp-block-column-is-layout-flow\" style=\"padding-top:2rem;padding-right:1rem;padding-bottom:0rem;padding-left:0px;flex-basis:100%\">\n<h2 class=\"wp-block-heading has-text-align-center has-text-color has-link-color wp-elements-f42f95b40799267c69be56b2dd59587a\" style=\"color:#3a3a3a;font-size:clamp(1.198rem, 1.198rem + ((1vw - 0.2rem) * 1.276), 1.9rem);\">\u00ab&nbsp;<strong>Pour am\u00e9liorer la satisfaction des employ\u00e9s et la coh\u00e9sion interne, faites appel \u00e0 Kohesion Konsulting : nous proposons des analyses d\u00e9taill\u00e9es, des solutions personnalis\u00e9es et un accompagnement continu, le tout bas\u00e9 sur des valeurs d\u2019impartialit\u00e9 et de confiance.&nbsp;<\/strong>\u00bb<\/h2>\n<\/div>\n<\/div>\n\n\n\n<figure class=\"wp-block-image size-full is-resized\"><img loading=\"lazy\" decoding=\"async\" width=\"509\" height=\"339\" src=\"https:\/\/kohesion-konsulting.ch\/wordpress_O\/wp-content\/uploads\/2024\/12\/istockphoto-1444706336-170667a.jpg\" alt=\"\" class=\"wp-image-59\" style=\"width:650px;height:auto\" srcset=\"https:\/\/kohesion-konsulting.ch\/wordpress_O\/wp-content\/uploads\/2024\/12\/istockphoto-1444706336-170667a.jpg 509w, https:\/\/kohesion-konsulting.ch\/wordpress_O\/wp-content\/uploads\/2024\/12\/istockphoto-1444706336-170667a-300x200.jpg 300w\" sizes=\"auto, (max-width: 509px) 100vw, 509px\" \/><\/figure>\n","protected":false},"excerpt":{"rendered":"<p>\u00ab&nbsp;Pour am\u00e9liorer la satisfaction des employ\u00e9s et la coh\u00e9sion interne, faites appel \u00e0 Kohesion Konsulting : nous proposons des analyses d\u00e9taill\u00e9es, des solutions personnalis\u00e9es et un accompagnement continu, le tout bas\u00e9 sur des valeurs d\u2019impartialit\u00e9 et de confiance.&nbsp;\u00bb<\/p>\n","protected":false},"author":1,"featured_media":0,"parent":0,"menu_order":0,"comment_status":"closed","ping_status":"closed","template":"","meta":{"footnotes":""},"class_list":["post-15","page","type-page","status-publish","hentry"],"_links":{"self":[{"href":"https:\/\/kohesion-konsulting.ch\/wordpress_O\/wp-json\/wp\/v2\/pages\/15","targetHints":{"allow":["GET"]}}],"collection":[{"href":"https:\/\/kohesion-konsulting.ch\/wordpress_O\/wp-json\/wp\/v2\/pages"}],"about":[{"href":"https:\/\/kohesion-konsulting.ch\/wordpress_O\/wp-json\/wp\/v2\/types\/page"}],"author":[{"embeddable":true,"href":"https:\/\/kohesion-konsulting.ch\/wordpress_O\/wp-json\/wp\/v2\/users\/1"}],"replies":[{"embeddable":true,"href":"https:\/\/kohesion-konsulting.ch\/wordpress_O\/wp-json\/wp\/v2\/comments?post=15"}],"version-history":[{"count":14,"href":"https:\/\/kohesion-konsulting.ch\/wordpress_O\/wp-json\/wp\/v2\/pages\/15\/revisions"}],"predecessor-version":[{"id":109,"href":"https:\/\/kohesion-konsulting.ch\/wordpress_O\/wp-json\/wp\/v2\/pages\/15\/revisions\/109"}],"wp:attachment":[{"href":"https:\/\/kohesion-konsulting.ch\/wordpress_O\/wp-json\/wp\/v2\/media?parent=15"}],"curies":[{"name":"wp","href":"https:\/\/api.w.org\/{rel}","templated":true}]}}