{"id":11,"date":"2024-12-04T17:36:55","date_gmt":"2024-12-04T17:36:55","guid":{"rendered":"https:\/\/kohesion-konsulting.ch\/wordpress_O\/?page_id=11"},"modified":"2024-12-08T17:52:09","modified_gmt":"2024-12-08T17:52:09","slug":"accueil","status":"publish","type":"page","link":"https:\/\/kohesion-konsulting.ch\/wordpress_O\/","title":{"rendered":"Accueil"},"content":{"rendered":"\n<div class=\"wp-block-cover alignfull\" style=\"border-style:none;border-width:0px;margin-top:0;margin-bottom:0;padding-top:1rem;padding-right:1rem;padding-bottom:5rem;padding-left:1em;min-height:500px;aspect-ratio:unset;\"><span aria-hidden=\"true\" class=\"wp-block-cover__background has-black-background-color has-background-dim\"><\/span><img loading=\"lazy\" decoding=\"async\" width=\"1920\" height=\"1280\" class=\"wp-block-cover__image-background wp-image-61\" alt=\"\" src=\"https:\/\/kohesion-konsulting.ch\/wordpress_O\/wp-content\/uploads\/2024\/12\/jason-goodman-Oalh2MojUuk-unsplash.jpg\" style=\"object-position:54% 72%\" data-object-fit=\"cover\" data-object-position=\"54% 72%\" srcset=\"https:\/\/kohesion-konsulting.ch\/wordpress_O\/wp-content\/uploads\/2024\/12\/jason-goodman-Oalh2MojUuk-unsplash.jpg 1920w, https:\/\/kohesion-konsulting.ch\/wordpress_O\/wp-content\/uploads\/2024\/12\/jason-goodman-Oalh2MojUuk-unsplash-300x200.jpg 300w, https:\/\/kohesion-konsulting.ch\/wordpress_O\/wp-content\/uploads\/2024\/12\/jason-goodman-Oalh2MojUuk-unsplash-1024x683.jpg 1024w, https:\/\/kohesion-konsulting.ch\/wordpress_O\/wp-content\/uploads\/2024\/12\/jason-goodman-Oalh2MojUuk-unsplash-768x512.jpg 768w, https:\/\/kohesion-konsulting.ch\/wordpress_O\/wp-content\/uploads\/2024\/12\/jason-goodman-Oalh2MojUuk-unsplash-1536x1024.jpg 1536w\" sizes=\"auto, (max-width: 1920px) 100vw, 1920px\" \/><div class=\"wp-block-cover__inner-container is-layout-flow wp-container-core-cover-is-layout-cf2a839a wp-block-cover-is-layout-flow\">\n<div class=\"wp-block-group has-global-padding is-layout-constrained wp-container-core-group-is-layout-4383d167 wp-block-group-is-layout-constrained\">\n<div class=\"wp-block-group has-inter-font-family is-vertical is-layout-flex wp-container-core-group-is-layout-e1a8779f wp-block-group-is-layout-flex\" style=\"min-height:33rem;margin-top:0px;margin-bottom:0px;padding-top:0rem;padding-right:0rem;padding-bottom:0rem;padding-left:0rem\">\n<div class=\"wp-block-group has-global-padding is-content-justification-left is-layout-constrained wp-container-core-group-is-layout-de5072e9 wp-block-group-is-layout-constrained\" style=\"margin-top:0px;margin-bottom:0px;padding-top:0px;padding-right:0px;padding-bottom:0px;padding-left:0px\">\n<h1 class=\"wp-block-heading has-text-color\" style=\"color:#ffffff;font-size:clamp(1.743em, 1.743rem + ((1vw - 0.2em) * 2.285), 3em);font-style:normal;font-weight:400\">Stimulez l&rsquo;esprit d&rsquo;\u00e9quipe et la satisfaction des employ\u00e9s !<\/h1>\n\n\n\n<p class=\"has-text-align-left has-text-color\" style=\"color:#ffffff;font-size:clamp(1.039rem, 1.039rem + ((1vw - 0.2rem) * 1.02), 1.6rem);\">Lib\u00e9rez tout le potentiel de votre \u00e9quipe gr\u00e2ce \u00e0 des solutions personnalis\u00e9es visant \u00e0 am\u00e9liorer la collaboration sur le lieu de travail !<\/p>\n<\/div>\n<\/div>\n<\/div>\n<\/div><\/div>\n\n\n\n<figure class=\"wp-block-image aligncenter size-full\"><img loading=\"lazy\" decoding=\"async\" width=\"8451\" height=\"3398\" src=\"https:\/\/kohesion-konsulting.ch\/wordpress_O\/wp-content\/uploads\/2024\/12\/path243png.png\" alt=\"\" class=\"wp-image-29\" srcset=\"https:\/\/kohesion-konsulting.ch\/wordpress_O\/wp-content\/uploads\/2024\/12\/path243png.png 8451w, https:\/\/kohesion-konsulting.ch\/wordpress_O\/wp-content\/uploads\/2024\/12\/path243png-300x121.png 300w, https:\/\/kohesion-konsulting.ch\/wordpress_O\/wp-content\/uploads\/2024\/12\/path243png-1024x412.png 1024w, https:\/\/kohesion-konsulting.ch\/wordpress_O\/wp-content\/uploads\/2024\/12\/path243png-768x309.png 768w, https:\/\/kohesion-konsulting.ch\/wordpress_O\/wp-content\/uploads\/2024\/12\/path243png-1536x618.png 1536w, https:\/\/kohesion-konsulting.ch\/wordpress_O\/wp-content\/uploads\/2024\/12\/path243png-2048x823.png 2048w\" sizes=\"auto, (max-width: 8451px) 100vw, 8451px\" \/><\/figure>\n\n\n\n<div style=\"height:0px\" aria-hidden=\"true\" class=\"wp-block-spacer\"><\/div>\n\n\n\n<div class=\"wp-block-group alignfull has-background has-global-padding is-layout-constrained wp-container-core-group-is-layout-967e81c5 wp-block-group-is-layout-constrained\" style=\"background-color:#e9e4dc;margin-top:0;margin-bottom:0;padding-top:7.01rem;padding-right:1.01rem;padding-bottom:7.01rem;padding-left:1.01rem\">\n<div class=\"wp-block-columns is-layout-flex wp-container-core-columns-is-layout-28f84493 wp-block-columns-is-layout-flex\">\n<div class=\"wp-block-column is-layout-flow wp-block-column-is-layout-flow\">\n<figure class=\"wp-block-image aligncenter size-full\"><img loading=\"lazy\" decoding=\"async\" width=\"1920\" height=\"1280\" src=\"https:\/\/kohesion-konsulting.ch\/wordpress_O\/wp-content\/uploads\/2024\/12\/aaron-blanco-tejedor-yH18lOSaZVQ-unsplash.jpg\" alt=\"\" class=\"wp-image-48\" style=\"aspect-ratio:1;object-fit:cover\" srcset=\"https:\/\/kohesion-konsulting.ch\/wordpress_O\/wp-content\/uploads\/2024\/12\/aaron-blanco-tejedor-yH18lOSaZVQ-unsplash.jpg 1920w, https:\/\/kohesion-konsulting.ch\/wordpress_O\/wp-content\/uploads\/2024\/12\/aaron-blanco-tejedor-yH18lOSaZVQ-unsplash-300x200.jpg 300w, https:\/\/kohesion-konsulting.ch\/wordpress_O\/wp-content\/uploads\/2024\/12\/aaron-blanco-tejedor-yH18lOSaZVQ-unsplash-1024x683.jpg 1024w, https:\/\/kohesion-konsulting.ch\/wordpress_O\/wp-content\/uploads\/2024\/12\/aaron-blanco-tejedor-yH18lOSaZVQ-unsplash-768x512.jpg 768w, https:\/\/kohesion-konsulting.ch\/wordpress_O\/wp-content\/uploads\/2024\/12\/aaron-blanco-tejedor-yH18lOSaZVQ-unsplash-1536x1024.jpg 1536w\" sizes=\"auto, (max-width: 1920px) 100vw, 1920px\" \/><\/figure>\n<\/div>\n\n\n\n<div class=\"wp-block-column is-layout-flow wp-block-column-is-layout-flow\" style=\"padding-left:2.01rem\">\n<div class=\"wp-block-group is-vertical is-content-justification-left is-nowrap is-layout-flex wp-container-core-group-is-layout-252cad7a wp-block-group-is-layout-flex\" style=\"min-height:100%\">\n<h2 class=\"wp-block-heading has-text-align-left has-text-color\" style=\"color:#3a3a3a;font-size:clamp(1.383rem, 1.383rem + ((1vw - 0.2rem) * 1.595), 2.26rem);font-style:normal;font-weight:400\">Notre engagement pour la r\u00e9ussite de nos partenaires<\/h2>\n\n\n\n<p class=\"has-text-color\" style=\"color:#3a3a3a;font-size:clamp(0.875rem, 0.875rem + ((1vw - 0.2rem) * 0.591), 1.2rem);\">Nous \u00e9tablissons des partenariats solides et proposons des solutions sur mesure pour des lieux de travail dynamiques o\u00f9 chaque voix est valoris\u00e9e et entendue !<\/p>\n\n\n\n<h4 class=\"wp-block-heading has-text-color\" style=\"color:#3a3a3a;margin-top:2.01rem;font-size:clamp(1.383rem, 1.383rem + ((1vw - 0.2rem) * 1.595), 2.26rem);font-style:normal;font-weight:400\">Notre objectif<\/h4>\n\n\n\n<p class=\"has-text-color\" style=\"color:#3a3a3a;font-size:clamp(0.875rem, 0.875rem + ((1vw - 0.2rem) * 0.591), 1.2rem);\">Nous nous effor\u00e7ons d&rsquo;am\u00e9liorer l&rsquo;harmonie sur le lieu de travail en favorisant la communication, la confiance et la collaboration. Ensemble, nous cr\u00e9ons un environnement prosp\u00e8re o\u00f9 chaque employ\u00e9 se sent consid\u00e9r\u00e9 et engag\u00e9 !<\/p>\n<\/div>\n<\/div>\n<\/div>\n<\/div>\n\n\n\n<div class=\"wp-block-cover alignfull\" style=\"margin-top:0px;margin-bottom:0px;padding-top:7.01rem;padding-bottom:7.01rem;aspect-ratio:unset;\"><span aria-hidden=\"true\" class=\"wp-block-cover__background has-contrast-background-color has-background-dim-0 has-background-dim\"><\/span><img decoding=\"async\" class=\"wp-block-cover__image-background wp-image-174\" alt=\"\" src=\"https:\/\/tyler.com\/wp-content\/themes\/variations-child\/assets\/images\/consulting\/consulting-testimonial-banner.jpg\" style=\"object-position:51% 50%\" data-object-fit=\"cover\" data-object-position=\"51% 50%\"\/><div class=\"wp-block-cover__inner-container has-global-padding is-layout-constrained wp-container-core-cover-is-layout-8014b4f1 wp-block-cover-is-layout-constrained\">\n<div class=\"wp-block-group alignfull has-global-padding is-layout-constrained wp-block-group-is-layout-constrained\">\n<h4 class=\"wp-block-heading has-text-align-center has-text-color has-link-color wp-elements-8413df8cfe804faf4e218748eb8843bb\" style=\"color:#fdf9f9;font-size:clamp(1.502rem, 1.502rem + ((1vw - 0.2rem) * 1.815), 2.5rem);font-style:normal;font-weight:400\"><a href=\"https:\/\/kohesion-konsulting.ch\/wordpress_O\/contact\/\" data-type=\"page\" data-id=\"19\">Contactez nous d\u00e8s aujourd&rsquo;hui !<\/a><\/h4>\n\n\n\n<p class=\"has-text-align-center\" style=\"margin-right:0;margin-left:0;font-size:clamp(19.481px, 1.218rem + ((1vw - 3.2px) * 1.309), 31px);\"><strong>\u00ab&nbsp;Nous nous d\u00e9pla\u00e7ons dans les cantons de Gen\u00e8ve, Vaud, Fribourg, Neuch\u00e2tel&nbsp;\u00bb<\/strong><\/p>\n\n\n\n<p class=\"has-text-align-center\" style=\"font-size:clamp(16.293px, 1.018rem + ((1vw - 3.2px) * 0.989), 25px);\">L&rsquo;impartialit\u00e9, la disponibilit\u00e9, la neutralit\u00e9, la confiance et l&rsquo;ind\u00e9pendance. Ces termes illustrent la diff\u00e9rence de perception qu&rsquo;un collaborateur peut ressentir envers une personne externe, qu&rsquo;un coll\u00e8gue ou un sup\u00e9rieur hi\u00e9rarchique. Ils refl\u00e8tent \u00e9galement le niveau de consid\u00e9ration que l&#8217;employeur accorde \u00e0 ses employ\u00e9s en impliquant une tierce personne pour garantir l&rsquo;impartialit\u00e9 et assurer un traitement \u00e9quitable.<\/p>\n<\/div>\n<\/div><\/div>\n\n\n\n<div class=\"wp-block-cover alignfull is-light\" style=\"border-style:none;border-width:0px;margin-top:0;margin-bottom:0;padding-top:1rem;padding-right:1rem;padding-bottom:5rem;padding-left:1em;min-height:500px;aspect-ratio:unset;\"><span aria-hidden=\"true\" class=\"wp-block-cover__background has-black-background-color has-background-dim-10 has-background-dim\"><\/span><img decoding=\"async\" class=\"wp-block-cover__image-background wp-image-2787\" alt=\"\" src=\"https:\/\/tyler.com\/wp-content\/uploads\/2023\/11\/pexels-fauxels-3184360-scaled.jpg\" style=\"object-position:50% 39%\" data-object-fit=\"cover\" data-object-position=\"50% 39%\"\/><div class=\"wp-block-cover__inner-container is-layout-flow wp-container-core-cover-is-layout-cf2a839a wp-block-cover-is-layout-flow\">\n<p><\/p>\n<\/div><\/div>\n\n\n\n<p><\/p>\n","protected":false},"excerpt":{"rendered":"<p>Notre engagement pour la r\u00e9ussite de nos partenaires Nous \u00e9tablissons des partenariats solides et proposons des solutions sur mesure pour des lieux de travail dynamiques o\u00f9 chaque voix est valoris\u00e9e et entendue ! Notre objectif Nous nous effor\u00e7ons d&rsquo;am\u00e9liorer l&rsquo;harmonie sur le lieu de travail en favorisant la communication, la confiance et la collaboration. Ensemble, [&hellip;]<\/p>\n","protected":false},"author":1,"featured_media":0,"parent":0,"menu_order":0,"comment_status":"closed","ping_status":"closed","template":"","meta":{"footnotes":""},"class_list":["post-11","page","type-page","status-publish","hentry"],"_links":{"self":[{"href":"https:\/\/kohesion-konsulting.ch\/wordpress_O\/wp-json\/wp\/v2\/pages\/11","targetHints":{"allow":["GET"]}}],"collection":[{"href":"https:\/\/kohesion-konsulting.ch\/wordpress_O\/wp-json\/wp\/v2\/pages"}],"about":[{"href":"https:\/\/kohesion-konsulting.ch\/wordpress_O\/wp-json\/wp\/v2\/types\/page"}],"author":[{"embeddable":true,"href":"https:\/\/kohesion-konsulting.ch\/wordpress_O\/wp-json\/wp\/v2\/users\/1"}],"replies":[{"embeddable":true,"href":"https:\/\/kohesion-konsulting.ch\/wordpress_O\/wp-json\/wp\/v2\/comments?post=11"}],"version-history":[{"count":17,"href":"https:\/\/kohesion-konsulting.ch\/wordpress_O\/wp-json\/wp\/v2\/pages\/11\/revisions"}],"predecessor-version":[{"id":115,"href":"https:\/\/kohesion-konsulting.ch\/wordpress_O\/wp-json\/wp\/v2\/pages\/11\/revisions\/115"}],"wp:attachment":[{"href":"https:\/\/kohesion-konsulting.ch\/wordpress_O\/wp-json\/wp\/v2\/media?parent=11"}],"curies":[{"name":"wp","href":"https:\/\/api.w.org\/{rel}","templated":true}]}}